{"id":106966,"date":"2024-05-13T10:57:48","date_gmt":"2024-05-13T08:57:48","guid":{"rendered":"https:\/\/everpaths.com\/aviso-legal-2\/"},"modified":"2025-02-25T09:31:22","modified_gmt":"2025-02-25T08:31:22","slug":"aviso-legal-2","status":"publish","type":"page","link":"https:\/\/everpaths.com\/pt-pt\/aviso-legal-2\/","title":{"rendered":"Aviso legal"},"content":{"rendered":"<p>[et_pb_section fb_built=&#8221;1&#8243; _builder_version=&#8221;4.25.1&#8243; _module_preset=&#8221;default&#8221; global_colors_info=&#8221;{}&#8221;][et_pb_row custom_padding_last_edited=&#8221;on|phone&#8221; _builder_version=&#8221;4.25.1&#8243; _module_preset=&#8221;default&#8221; width=&#8221;90%&#8221; width_tablet=&#8221;90%&#8221; width_phone=&#8221;80%&#8221; width_last_edited=&#8221;on|phone&#8221; custom_padding=&#8221;0px||55px||false|false&#8221; custom_padding_tablet=&#8221;0px||40px||false|false&#8221; custom_padding_phone=&#8221;||30px||false|false&#8221; global_colors_info=&#8221;{}&#8221;][et_pb_column type=&#8221;4_4&#8243; _builder_version=&#8221;4.25.1&#8243; _module_preset=&#8221;default&#8221; global_colors_info=&#8221;{}&#8221;][et_pb_text admin_label=&#8221;Text&#8221; module_class=&#8221;formato-limpio&#8221; _builder_version=&#8221;4.25.1&#8243; _module_preset=&#8221;_initial&#8221; locked=&#8221;off&#8221; global_colors_info=&#8221;{%22gcid-5f004868-e4e7-49d0-bd70-7b381caaecc7%22:%91%22text_text_color%22,%22header_3_text_color%22%93}&#8221;]<\/p>\n<h1>Aviso Legal<\/h1>\n<p>Em cumprimento da Lei 34\/2002, de 11 de julho, de Servi\u00e7os da Sociedade da Informa\u00e7\u00e3o e de Com\u00e9rcio Eletr\u00f3nico, informamos que:<\/p>\n<ul>\n<li>INNOVA TELECOM S.L. (doravante, ITSOFT) \u00e9 uma empresa dedicada ao design e desenvolvimento de aplica\u00e7\u00f5es m\u00f3veis para empresas.<\/li>\n<li>A ITSOFT est\u00e1 inscrita no Registo Comercial de Sevilha, tomo 3654, folha 86, inscri\u00e7\u00e3o 1 com o n\u00famero SE-51851.<\/li>\n<li>A ITSOFT, com NIF B91266833, \u00e9 uma sociedade com sede na Avenida de Huelva 12, Espartinas, e \u00e9 respons\u00e1vel pela explora\u00e7\u00e3o, gest\u00e3o e funcionamento do site www.everpaths.com. Pode contactar-nos atrav\u00e9s do email: info@itsoft.es. <\/li>\n<li>Os produtos dispon\u00edveis para aquisi\u00e7\u00e3o atrav\u00e9s do site s\u00e3o pacotes de software e servi\u00e7os relacionados, com pre\u00e7os que n\u00e3o incluem IVA, e qualquer desconto aplic\u00e1vel ser\u00e1 indicado em cada produto.<\/li>\n<\/ul>\n<p>A ITSOFT reserva-se o direito de modificar unilateralmente a estrutura e o design do site, assim como de modificar ou eliminar servi\u00e7os ou conte\u00fados sem aviso pr\u00e9vio.<\/p>\n<h3>1. Propriedade Intelectual e Industrial<\/h3>\n<p>Os sinais distintivos, marcas, nomes comerciais, conte\u00fados, design e apresenta\u00e7\u00e3o de elementos, e qualquer outra informa\u00e7\u00e3o que apare\u00e7a neste site s\u00e3o propriedade da ITSOFT ou de terceiros que autorizaram o seu uso, e est\u00e3o protegidos pelos direitos de propriedade industrial e intelectual.<\/p>\n<p>\u00c9 proibida a reprodu\u00e7\u00e3o, transforma\u00e7\u00e3o, distribui\u00e7\u00e3o, comunica\u00e7\u00e3o p\u00fablica e, em geral, qualquer outra forma de explora\u00e7\u00e3o dos elementos mencionados sem a autoriza\u00e7\u00e3o expressa da ITSOFT.<\/p>\n<p>O utilizador deve abster-se de eliminar, alterar, contornar ou manipular qualquer dispositivo de prote\u00e7\u00e3o ou sistemas de seguran\u00e7a instalados no site.<\/p>\n<h3>2. Uso de Cookies<\/h3>\n<p>Consulte a nossa <a href=\"https:\/\/everpaths.com\/pt-pt\/politica-de-cookies\/\">Pol\u00edtica de Cookies<\/a> para obter informa\u00e7\u00f5es sobre o uso de cookies no nosso site, que facilitam a compra online de produtos e servi\u00e7os, e servem para oferecer publicidade ou conte\u00fados de interesse para o utilizador.<\/p>\n<h3>3. Prote\u00e7\u00e3o de Datos<\/h3>\n<p>Visitar este site n\u00e3o implica que o utilizador deva fornecer qualquer informa\u00e7\u00e3o sobre si mesmo. Caso o utilizador forne\u00e7a informa\u00e7\u00f5es de car\u00e1cter pessoal, os dados recolhidos neste site ser\u00e3o tratados de maneira leal e l\u00edcita, de acordo com os princ\u00edpios e direitos previstos na Lei Org\u00e2nica 3\/2018, de Prote\u00e7\u00e3o de Dados Pessoais e Garantia dos Direitos Digitais, e demais legisla\u00e7\u00e3o aplic\u00e1vel. <\/p>\n<h4>3.1 Informa\u00e7\u00e3o aos Utilizadores<\/h4>\n<p>Os dados pessoais recolhidos atrav\u00e9s deste site ser\u00e3o incorporados e tratados nos ficheiros da ITSOFT com a finalidade de manter a rela\u00e7\u00e3o contratual com os nossos clientes, facilitar o processamento de pedidos, realizar estudos estat\u00edsticos e enviar publicidade sobre os nossos produtos e servi\u00e7os. Para mais detalhes, consulte a nossa <a href=\"https:\/\/everpaths.com\/pt-pt\/politica-de-privacidade\/\">Pol\u00edtica de Privacidade<\/a>. <\/p>\n<h4>3.2 Consentimiento<\/h4>\n<p>Ao utilizar os formul\u00e1rios de contacto, o utilizador presta o seu consentimento para o tratamento dos seus dados de acordo com as finalidades previstas nesses formul\u00e1rios.<\/p>\n<h4>3.3 Direitos dos Interessados<\/h4>\n<p>O utilizador pode exercer os seus direitos de acesso, retifica\u00e7\u00e3o, elimina\u00e7\u00e3o e oposi\u00e7\u00e3o ao tratamento dos seus dados pessoais, nos termos e condi\u00e7\u00f5es previstos na legisla\u00e7\u00e3o em vigor.<\/p>\n<h4>3.4 Qualidade dos Dados<\/h4>\n<p>O utilizador deve garantir a veracidade e atualiza\u00e7\u00e3o dos dados pessoais que fornecer, sendo respons\u00e1vel por quaisquer danos ou preju\u00edzos que possam resultar da inexactid\u00e3o ou falsidade dos mesmos.<\/p>\n<h4>3.5 Prote\u00e7\u00e3o dos Menores<\/h4>\n<p>N\u00e3o recolhemos dados pessoais de menores. \u00c9 responsabilidade dos pais ou tutores legais proteger a privacidade dos menores. <\/p>\n<h3>4. Redes Sociais<\/h3>\n<p>O nosso site oferece acesso \u00e0s redes sociais, como Twitter, YouTube e LinkedIn, cuja pol\u00edtica de privacidade \u00e9 independente da da ITSOFT. Recomendamos que os utilizadores revejam as condi\u00e7\u00f5es de privacidade dessas plataformas. <\/p>\n<p>[\/et_pb_text][\/et_pb_column][\/et_pb_row][\/et_pb_section]<\/p>\n","protected":false},"excerpt":{"rendered":"<p>Aviso Legal Em cumprimento da Lei 34\/2002, de 11 de julho, de Servi\u00e7os da Sociedade da Informa\u00e7\u00e3o e de Com\u00e9rcio Eletr\u00f3nico, informamos que: INNOVA TELECOM S.L. (doravante, ITSOFT) \u00e9 uma empresa dedicada ao design e desenvolvimento de aplica\u00e7\u00f5es m\u00f3veis para empresas. A ITSOFT est\u00e1 inscrita no Registo Comercial de Sevilha, tomo 3654, folha 86, inscri\u00e7\u00e3o [&hellip;]<\/p>\n","protected":false},"author":1,"featured_media":0,"parent":0,"menu_order":0,"comment_status":"closed","ping_status":"closed","template":"","meta":{"_et_pb_use_builder":"on","_et_pb_old_content":"","_et_gb_content_width":"","inline_featured_image":false,"footnotes":""},"class_list":["post-106966","page","type-page","status-publish","hentry"],"yoast_head":"<!-- This site is optimized with the Yoast SEO plugin v27.3 - https:\/\/yoast.com\/product\/yoast-seo-wordpress\/ -->\n<title>Everpaths - Aviso legal<\/title>\n<meta name=\"description\" content=\"Consulte o nosso aviso legal e conhe\u00e7a os termos e condi\u00e7\u00f5es, a pol\u00edtica de privacidade e os direitos de propriedade intelectual do nosso s\u00edtio Web\" \/>\n<meta name=\"robots\" content=\"index, follow, max-snippet:-1, max-image-preview:large, max-video-preview:-1\" \/>\n<link rel=\"canonical\" href=\"https:\/\/everpaths.com\/pt-pt\/aviso-legal-2\/\" \/>\n<meta property=\"og:locale\" content=\"pt_PT\" \/>\n<meta property=\"og:type\" content=\"article\" \/>\n<meta property=\"og:title\" content=\"Everpaths - Aviso legal\" \/>\n<meta property=\"og:description\" content=\"Consulte o nosso aviso legal e conhe\u00e7a os termos e condi\u00e7\u00f5es, a pol\u00edtica de privacidade e os direitos de propriedade intelectual do nosso s\u00edtio Web\" \/>\n<meta property=\"og:url\" content=\"https:\/\/everpaths.com\/pt-pt\/aviso-legal-2\/\" \/>\n<meta property=\"og:site_name\" content=\"Everpaths\" \/>\n<meta property=\"article:modified_time\" content=\"2025-02-25T08:31:22+00:00\" \/>\n<meta name=\"twitter:card\" content=\"summary_large_image\" \/>\n<meta name=\"twitter:label1\" content=\"Tempo estimado de leitura\" \/>\n\t<meta name=\"twitter:data1\" content=\"4 minutos\" \/>\n<script type=\"application\/ld+json\" class=\"yoast-schema-graph\">{\"@context\":\"https:\\\/\\\/schema.org\",\"@graph\":[{\"@type\":\"WebPage\",\"@id\":\"https:\\\/\\\/everpaths.com\\\/pt-pt\\\/aviso-legal-2\\\/\",\"url\":\"https:\\\/\\\/everpaths.com\\\/pt-pt\\\/aviso-legal-2\\\/\",\"name\":\"Everpaths - Aviso legal\",\"isPartOf\":{\"@id\":\"https:\\\/\\\/everpaths.com\\\/pt-pt\\\/#website\"},\"datePublished\":\"2024-05-13T08:57:48+00:00\",\"dateModified\":\"2025-02-25T08:31:22+00:00\",\"description\":\"Consulte o nosso aviso legal e conhe\u00e7a os termos e condi\u00e7\u00f5es, a pol\u00edtica de privacidade e os direitos de propriedade intelectual do nosso s\u00edtio Web\",\"breadcrumb\":{\"@id\":\"https:\\\/\\\/everpaths.com\\\/pt-pt\\\/aviso-legal-2\\\/#breadcrumb\"},\"inLanguage\":\"pt-PT\",\"potentialAction\":[{\"@type\":\"ReadAction\",\"target\":[\"https:\\\/\\\/everpaths.com\\\/pt-pt\\\/aviso-legal-2\\\/\"]}]},{\"@type\":\"BreadcrumbList\",\"@id\":\"https:\\\/\\\/everpaths.com\\\/pt-pt\\\/aviso-legal-2\\\/#breadcrumb\",\"itemListElement\":[{\"@type\":\"ListItem\",\"position\":1,\"name\":\"Portada\",\"item\":\"https:\\\/\\\/everpaths.com\\\/pt-pt\\\/everpaths\\\/\"},{\"@type\":\"ListItem\",\"position\":2,\"name\":\"Aviso legal\"}]},{\"@type\":\"WebSite\",\"@id\":\"https:\\\/\\\/everpaths.com\\\/pt-pt\\\/#website\",\"url\":\"https:\\\/\\\/everpaths.com\\\/pt-pt\\\/\",\"name\":\"Everpaths\",\"description\":\"Localizaci\u00f3n y Guiado en Interiores y Exteriores\",\"potentialAction\":[{\"@type\":\"SearchAction\",\"target\":{\"@type\":\"EntryPoint\",\"urlTemplate\":\"https:\\\/\\\/everpaths.com\\\/pt-pt\\\/?s={search_term_string}\"},\"query-input\":{\"@type\":\"PropertyValueSpecification\",\"valueRequired\":true,\"valueName\":\"search_term_string\"}}],\"inLanguage\":\"pt-PT\"}]}<\/script>\n<!-- \/ Yoast SEO plugin. -->","yoast_head_json":{"title":"Everpaths - Aviso legal","description":"Consulte o nosso aviso legal e conhe\u00e7a os termos e condi\u00e7\u00f5es, a pol\u00edtica de privacidade e os direitos de propriedade intelectual do nosso s\u00edtio Web","robots":{"index":"index","follow":"follow","max-snippet":"max-snippet:-1","max-image-preview":"max-image-preview:large","max-video-preview":"max-video-preview:-1"},"canonical":"https:\/\/everpaths.com\/pt-pt\/aviso-legal-2\/","og_locale":"pt_PT","og_type":"article","og_title":"Everpaths - Aviso legal","og_description":"Consulte o nosso aviso legal e conhe\u00e7a os termos e condi\u00e7\u00f5es, a pol\u00edtica de privacidade e os direitos de propriedade intelectual do nosso s\u00edtio Web","og_url":"https:\/\/everpaths.com\/pt-pt\/aviso-legal-2\/","og_site_name":"Everpaths","article_modified_time":"2025-02-25T08:31:22+00:00","twitter_card":"summary_large_image","twitter_misc":{"Tempo estimado de leitura":"4 minutos"},"schema":{"@context":"https:\/\/schema.org","@graph":[{"@type":"WebPage","@id":"https:\/\/everpaths.com\/pt-pt\/aviso-legal-2\/","url":"https:\/\/everpaths.com\/pt-pt\/aviso-legal-2\/","name":"Everpaths - Aviso legal","isPartOf":{"@id":"https:\/\/everpaths.com\/pt-pt\/#website"},"datePublished":"2024-05-13T08:57:48+00:00","dateModified":"2025-02-25T08:31:22+00:00","description":"Consulte o nosso aviso legal e conhe\u00e7a os termos e condi\u00e7\u00f5es, a pol\u00edtica de privacidade e os direitos de propriedade intelectual do nosso s\u00edtio Web","breadcrumb":{"@id":"https:\/\/everpaths.com\/pt-pt\/aviso-legal-2\/#breadcrumb"},"inLanguage":"pt-PT","potentialAction":[{"@type":"ReadAction","target":["https:\/\/everpaths.com\/pt-pt\/aviso-legal-2\/"]}]},{"@type":"BreadcrumbList","@id":"https:\/\/everpaths.com\/pt-pt\/aviso-legal-2\/#breadcrumb","itemListElement":[{"@type":"ListItem","position":1,"name":"Portada","item":"https:\/\/everpaths.com\/pt-pt\/everpaths\/"},{"@type":"ListItem","position":2,"name":"Aviso legal"}]},{"@type":"WebSite","@id":"https:\/\/everpaths.com\/pt-pt\/#website","url":"https:\/\/everpaths.com\/pt-pt\/","name":"Everpaths","description":"Localizaci\u00f3n y Guiado en Interiores y Exteriores","potentialAction":[{"@type":"SearchAction","target":{"@type":"EntryPoint","urlTemplate":"https:\/\/everpaths.com\/pt-pt\/?s={search_term_string}"},"query-input":{"@type":"PropertyValueSpecification","valueRequired":true,"valueName":"search_term_string"}}],"inLanguage":"pt-PT"}]}},"_links":{"self":[{"href":"https:\/\/everpaths.com\/pt-pt\/wp-json\/wp\/v2\/pages\/106966","targetHints":{"allow":["GET"]}}],"collection":[{"href":"https:\/\/everpaths.com\/pt-pt\/wp-json\/wp\/v2\/pages"}],"about":[{"href":"https:\/\/everpaths.com\/pt-pt\/wp-json\/wp\/v2\/types\/page"}],"author":[{"embeddable":true,"href":"https:\/\/everpaths.com\/pt-pt\/wp-json\/wp\/v2\/users\/1"}],"replies":[{"embeddable":true,"href":"https:\/\/everpaths.com\/pt-pt\/wp-json\/wp\/v2\/comments?post=106966"}],"version-history":[{"count":9,"href":"https:\/\/everpaths.com\/pt-pt\/wp-json\/wp\/v2\/pages\/106966\/revisions"}],"predecessor-version":[{"id":108698,"href":"https:\/\/everpaths.com\/pt-pt\/wp-json\/wp\/v2\/pages\/106966\/revisions\/108698"}],"wp:attachment":[{"href":"https:\/\/everpaths.com\/pt-pt\/wp-json\/wp\/v2\/media?parent=106966"}],"curies":[{"name":"wp","href":"https:\/\/api.w.org\/{rel}","templated":true}]}}