{"id":106948,"date":"2024-05-13T11:08:36","date_gmt":"2024-05-13T09:08:36","guid":{"rendered":"https:\/\/everpaths.com\/politica-de-cookies\/"},"modified":"2025-02-19T10:54:38","modified_gmt":"2025-02-19T09:54:38","slug":"politica-de-cookies","status":"publish","type":"page","link":"https:\/\/everpaths.com\/pt-pt\/politica-de-cookies\/","title":{"rendered":"Pol\u00edtica de Cookies"},"content":{"rendered":"<p>[et_pb_section fb_built=&#8221;1&#8243; _builder_version=&#8221;4.25.1&#8243; _module_preset=&#8221;default&#8221; global_colors_info=&#8221;{}&#8221;][et_pb_row custom_padding_last_edited=&#8221;on|phone&#8221; _builder_version=&#8221;4.25.1&#8243; _module_preset=&#8221;default&#8221; width=&#8221;90%&#8221; width_tablet=&#8221;90%&#8221; width_phone=&#8221;80%&#8221; width_last_edited=&#8221;on|phone&#8221; custom_padding=&#8221;0px||55px||false|false&#8221; custom_padding_tablet=&#8221;0px||40px||false|false&#8221; custom_padding_phone=&#8221;||30px||false|false&#8221; global_colors_info=&#8221;{}&#8221;][et_pb_column type=&#8221;4_4&#8243; _builder_version=&#8221;4.25.1&#8243; _module_preset=&#8221;default&#8221; global_colors_info=&#8221;{}&#8221;][et_pb_text admin_label=&#8221;Text&#8221; module_class=&#8221;formato-limpio&#8221; _builder_version=&#8221;4.23.1&#8243; _module_preset=&#8221;_initial&#8221; locked=&#8221;off&#8221; global_colors_info=&#8221;{%22gcid-5f004868-e4e7-49d0-bd70-7b381caaecc7%22:%91%22text_text_color%22,%22header_3_text_color%22,%22text_text_color%22,%22header_3_text_color%22%93}&#8221;]<\/p>\n<h1>Pol\u00edtica de Cookies<\/h1>\n<h3>1. Introdu\u00e7\u00e3o<\/h3>\n<p>O nosso s\u00edtio Web, <a href=\"https:\/\/www.itsoft.es\">https:\/\/www.itsoft.es<\/a> (adiante: &#8220;a Web&#8221;) utiliza cookies e outras tecnologias relacionadas (por comodidade, todas as tecnologias s\u00e3o designadas por &#8220;cookies&#8221;). Os cookies s\u00e3o tamb\u00e9m colocados por terceiros que contrat\u00e1mos. No documento seguinte, informamos sobre a utiliza\u00e7\u00e3o de cookies no nosso s\u00edtio Web.  <\/p>\n<h3>2. O que s\u00e3o os cookies?<\/h3>\n<p>Um cookie \u00e9 um pequeno arquivo que \u00e9 enviado junto com as p\u00e1ginas deste site e que o seu navegador armazena no disco r\u00edgido do seu computador ou outro dispositivo. As informa\u00e7\u00f5es armazenadas podem ser devolvidas aos nossos servidores ou aos servidores de terceiros apropriados durante uma visita subsequente. <\/p>\n<h3>3. O que s\u00e3o scripts?<\/h3>\n<p>Um script \u00e9 um peda\u00e7o de c\u00f3digo de programa que \u00e9 utilizado para fazer com que o nosso s\u00edtio Web funcione corretamente e de forma interativa. Este c\u00f3digo \u00e9 executado no nosso servidor ou no seu dispositivo. <\/p>\n<h3>4. O que \u00e9 uma baliza web?<\/h3>\n<p>Uma baliza web (ou pixel tag) \u00e9 um pequeno fragmento de texto ou imagem invis\u00edvel num s\u00edtio Web que \u00e9 utilizado para monitorizar o tr\u00e1fego num s\u00edtio Web. Para isso, v\u00e1rios dados sobre voc\u00ea s\u00e3o armazenados por essas balizas da web. <\/p>\n<h3>5. Tipo de Cookies<\/h3>\n<p>Dependendo da entidade que gere o dom\u00ednio a partir do qual os cookies s\u00e3o enviados e processa os dados obtidos, podem distinguir-se dois tipos de cookies:<\/p>\n<ul>\n<li><strong>Cookies pr\u00f3prios:<\/strong> s\u00e3o aqueles que s\u00e3o enviados para o equipamento terminal do usu\u00e1rio a partir de um computador ou dom\u00ednio gerido pelo pr\u00f3prio editor e a partir do qual \u00e9 prestado o servi\u00e7o solicitado pelo usu\u00e1rio.<\/li>\n<li><strong>Cookies de terceiros:<\/strong> aqueles que s\u00e3o enviados para o equipamento terminal do usu\u00e1rio a partir de um computador ou dom\u00ednio que n\u00e3o \u00e9 gerido pelo editor, mas por outra entidade que processa os dados obtidos atrav\u00e9s dos cookies.<\/li>\n<\/ul>\n<p>No caso de os cookies serem instalados a partir de um computador ou dom\u00ednio gerido pelo pr\u00f3prio editor, mas a informa\u00e7\u00e3o recolhida atrav\u00e9s deles ser gerida por um terceiro, n\u00e3o podem ser considerados cookies pr\u00f3prios.<\/p>\n<p>Existe tamb\u00e9m uma segunda classifica\u00e7\u00e3o em fun\u00e7\u00e3o do tempo que permanecem armazenados no navegador do cliente, que pode ser:<\/p>\n<ul>\n<li><strong>Cookies de sess\u00e3o:<\/strong> concebidos para recolher e armazenar dados enquanto o usu\u00e1rio acede a uma p\u00e1gina web. S\u00e3o normalmente utilizados para armazenar informa\u00e7\u00f5es que s\u00f3 precisam de ser conservadas para a presta\u00e7\u00e3o do servi\u00e7o solicitado pelo usu\u00e1rio numa \u00fanica ocasi\u00e3o (por exemplo, uma lista de produtos comprados). <\/li>\n<li><strong>Cookies persistentes:<\/strong> os dados permanecem armazenados no terminal e podem ser acedidos e tratados durante um per\u00edodo definido pela parte respons\u00e1vel pelo cookie, que pode ir de alguns minutos a v\u00e1rios anos.<\/li>\n<\/ul>\n<p>Por \u00faltimo, existe outra classifica\u00e7\u00e3o de acordo com a finalidade para a qual os dados obtidos s\u00e3o tratados:<\/p>\n<ul>\n<li><strong>Cookies t\u00e9cnicos:<\/strong> aquelas que permitem ao utilizador navegar atrav\u00e9s de um site, plataforma ou aplica\u00e7\u00e3o e utilizar as diferentes op\u00e7\u00f5es ou servi\u00e7os que nela existam.<\/li>\n<li><strong>Cookies de personaliza\u00e7\u00e3o:<\/strong> permitem ao utilizador aceder ao servi\u00e7o com algumas caracter\u00edsticas gerais predefinidas em fun\u00e7\u00e3o de uma s\u00e9rie de crit\u00e9rios no terminal do utilizador.<\/li>\n<li><strong>Cookies de an\u00e1lise:<\/strong> permitem o acompanhamento e a an\u00e1lise do comportamento dos utilizadores dos sites a que est\u00e3o associadas.<\/li>\n<li><strong>Cookies publicit\u00e1rias: <\/strong>permitem a gest\u00e3o, da forma mais eficaz poss\u00edvel, dos espa\u00e7os publicit\u00e1rios<\/li>\n<li><strong>Cookies de publicidade comportamental:<\/strong> armazenam informa\u00e7\u00f5es sobre o comportamento dos utilizadores obtidas atrav\u00e9s da observa\u00e7\u00e3o cont\u00ednua dos seus h\u00e1bitos de navega\u00e7\u00e3o.<\/li>\n<li><strong>Cookies de redes sociais externas:<\/strong> s\u00e3o usadas para que os visitantes possam interagir com o conte\u00fado de diferentes plataformas sociais (Facebook, YouTube, Twitter, LinkedIn, etc.) e s\u00e3o geradas apenas para os utilizadores dessas redes sociais. As condi\u00e7\u00f5es de utiliza\u00e7\u00e3o destas cookies e as informa\u00e7\u00f5es recolhidas s\u00e3o reguladas pela pol\u00edtica de privacidade da plataforma social correspondente. <\/li>\n<\/ul>\n<h3>6. Cookies usados<\/h3>\n<table style=\"border: 1px solid #cacaca;\">\n<tbody>\n<tr>\n<th>Nome<\/th>\n<p><\/p>\n<th>Dura\u00e7\u00e3o<\/th>\n<p><\/p>\n<th>Descripc\u00e3o<\/th>\n<p><\/p>\n<th>Tipo<\/th>\n<p><\/p>\n<th>Finalidade<\/th>\n<\/tr>\n<tr>\n<td>_ga<\/td>\n<td>2 anos<\/td>\n<td>Utilizado para distinguir os usu\u00e1rios. Gerado pelo Google Analytics. A Google armazena as informa\u00e7\u00f5es recolhidas pelos cookies em servidores localizados nos Estados Unidos, respeitando a legisla\u00e7\u00e3o europeia em mat\u00e9ria de prote\u00e7\u00e3o de dados pessoais e comprometendo-se a n\u00e3o as partilhar com terceiros, exceto quando exigido por lei ou quando necess\u00e1rio para o funcionamento do sistema. A Google n\u00e3o associa o seu endere\u00e7o IP a qualquer outra informa\u00e7\u00e3o detida pela Google. Se pretender obter mais informa\u00e7\u00f5es sobre os cookies utilizados pelo <a href=\"https:\/\/developers.google.com\/analytics\/devguides\/collection\/analyticsjs\/cookie-usage?hl=es&amp;csw=1\">Google Analytics<\/a>, aceda a este endere\u00e7o:    <\/td>\n<td>Terceiro<\/td>\n<td>Anal\u00edtica<\/td>\n<\/tr>\n<tr>\n<td>_gat<\/td>\n<td>1 ano<\/td>\n<td>Utilizado para apresentar a nossa publicidade em outras p\u00e1ginas da rede Google. Gerados pelo Google Analytics. A Google armazena as informa\u00e7\u00f5es recolhidas pelos cookies em servidores situados nos Estados Unidos, respeitando a legisla\u00e7\u00e3o europeia em mat\u00e9ria de prote\u00e7\u00e3o de dados pessoais e comprometendo-se a n\u00e3o as partilhar com terceiros, exceto se tal for exigido por lei ou se for necess\u00e1rio para o funcionamento do sistema. A Google n\u00e3o associa o seu endere\u00e7o IP a qualquer outra informa\u00e7\u00e3o detida pela Google. Se pretender obter mais informa\u00e7\u00f5es sobre os cookies utilizados pelo <a href=\"https:\/\/developers.google.com\/analytics\/devguides\/collection\/analyticsjs\/cookie-usage?hl=es&amp;csw=1\">Google Analytics<\/a>, aceda a este endere\u00e7o:    <\/td>\n<td>Terceiro<\/td>\n<td>Publicidade comportamental<\/td>\n<\/tr>\n<tr>\n<td>_gid<\/td>\n<td>1 ano<\/td>\n<td>Gerado pelo Google Analytics. A Google armazena as informa\u00e7\u00f5es recolhidas pelos cookies em servidores localizados nos Estados Unidos, em conformidade com a legisla\u00e7\u00e3o europeia sobre prote\u00e7\u00e3o de dados pessoais e compromete-se a n\u00e3o as partilhar com terceiros, exceto se tal for exigido por lei ou se for necess\u00e1rio para o funcionamento do sistema. A Google n\u00e3o associa o seu endere\u00e7o IP a quaisquer outros dados detidos pela Google. Se pretender obter mais informa\u00e7\u00f5es sobre os cookies utilizados pelo <a href=\"https:\/\/developers.google.com\/analytics\/devguides\/collection\/analyticsjs\/cookie-usage?hl=es&amp;csw\">Google Analytics,<\/a> aceda a este endere\u00e7o:   <\/td>\n<td>Terceiro<\/td>\n<td>Publicidade comportamental<\/td>\n<\/tr>\n<\/tbody>\n<\/table>\n<h3><\/h3>\n<h3><\/h3>\n<h3>7. Consentimento<\/h3>\n<p>Ao visitar o nosso website pela primeira vez, iremos mostrar-lhe uma janela pop-up com uma explica\u00e7\u00e3o sobre cookies. Assim que clicar em \u201cSalvar prefer\u00eancias\u201d, voc\u00ea concorda com o uso das categorias de cookies e plugins que selecionou na janela pop-up, conforme descrito nesta pol\u00edtica de cookies. Voc\u00ea pode desativar o uso de cookies atrav\u00e9s do seu navegador, mas lembre-se que nosso site pode parar de funcionar corretamente.  <\/p>\n<h4>7.1 Gerencie suas configura\u00e7\u00f5es de consentimento<\/h4>\n<p><strong>Funcional: <\/strong>O armazenamento ou o acesso t\u00e9cnico \u00e9 estritamente necess\u00e1rio para o objetivo leg\u00edtimo de permitir a utiliza\u00e7\u00e3o de um servi\u00e7o espec\u00edfico explicitamente solicitado pelo assinante ou usu\u00e1rio, ou com o \u00fanico objetivo de realizar a transmiss\u00e3o de uma comunica\u00e7\u00e3o atrav\u00e9s de uma rede de comunica\u00e7\u00f5es eletr\u00f4nicas.<\/p>\n<p><strong>Marketing:<\/strong> O armazenamento ou acesso t\u00e9cnico \u00e9 necess\u00e1rio para criar perfis de usu\u00e1rio para enviar publicidade, ou para seguir o usu\u00e1rio num site ou em v\u00e1rios sites para fins de marketing semelhantes.<\/p>\n<h3>8. Ativar\/desativar e apagar cookies<\/h3>\n<p>Existe a possibilidade de permitir, bloquear ou eliminar os cookies instalados no seu computador, configurando as op\u00e7\u00f5es do browser instalado no seu computador. Ao desativar os cookies, alguns dos servi\u00e7os dispon\u00edveis podem deixar de estar operacionais. A forma de desativar os cookies \u00e9 diferente para cada browser, mas normalmente pode ser feita a partir do menu Ferramentas ou Op\u00e7\u00f5es. Pode tamb\u00e9m consultar o menu de Ajuda do browser onde encontra instru\u00e7\u00f5es. O usu\u00e1rio pode, a qualquer momento, escolher quais os cookies que pretende que funcionem neste site.    <\/p>\n<p>Pode permitir, bloquear ou apagar os cookies instalados no seu computador, configurando as op\u00e7\u00f5es do navegador instalado no seu computador:<\/p>\n<ul>\n<li>Microsoft Internet Explorer o Microsoft Edge: <a href=\"http:\/\/windows.microsoft.com\/eses\/windows-vista\/Block-or-allow-cookies\">http:\/\/windows.microsoft.com\/eses\/windows-vista\/Block-or-allow-cookies<\/a><\/li>\n<li>Mozilla Firefox: <a href=\"http:\/\/support.mozilla.org\/es\/kb\/impedir-que-los-sitios-webguarden-sus-preferencia\">http:\/\/support.mozilla.org\/es\/kb\/impedir-que-los-sitios-webguarden-sus-preferencia<\/a><\/li>\n<li>Chrome: <a href=\"https:\/\/support.google.com\/accounts\/answer\/61416?hl=es\">https:\/\/support.google.com\/accounts\/answer\/61416?hl=es<\/a><\/li>\n<li>Safari: <a href=\"http:\/\/safari.helpmax.net\/es\/privacidad-y-seguridad\/como-gestionar-lascookies\/\">http:\/\/safari.helpmax.net\/es\/privacidad-y-seguridad\/como-gestionar-lascookies\/<\/a><\/li>\n<li>Opera: <a href=\"http:\/\/help.opera.com\/Linux\/10.60\/es-ES\/cookies.html\">http:\/\/help.opera.com\/Linux\/10.60\/es-ES\/cookies.html<\/a><\/li>\n<\/ul>\n<h3>9. Os seus direitos em rela\u00e7\u00e3o aos dados pessoais<\/h3>\n<p>Tem os seguintes direitos no que respeita aos seus dados pessoais:<\/p>\n<ul>\n<li>Tem o direito de saber porque \u00e9 que os seus dados pessoais s\u00e3o necess\u00e1rios, o que lhes vai acontecer e durante quanto tempo ser\u00e3o conservados.<\/li>\n<li>Direito de acesso: tem o direito de aceder aos dados pessoais que temos sobre si.<\/li>\n<li>Direito de retifica\u00e7\u00e3o: tem o direito de completar, retificar, apagar ou bloquear os seus dados pessoais em qualquer altura.<\/li>\n<li>Se nos der o seu consentimento para o tratamento dos seus dados, tem o direito de revogar esse consentimento e de obter a elimina\u00e7\u00e3o dos seus dados pessoais.<\/li>\n<li>Direito de transferir os seus dados: tem o direito de solicitar todos os seus dados pessoais ao respons\u00e1vel pelo tratamento e de os transferir integralmente para outro respons\u00e1vel pelo tratamento.<\/li>\n<li>Direito de oposi\u00e7\u00e3o: pode opor-se ao tratamento dos seus dados. N\u00f3s cumprimos este direito, exceto se existirem motivos justificados para o tratamento. <\/li>\n<\/ul>\n<p>Para exercer estes direitos, contacte-nos. Consulte os dados de contacto na parte inferior desta pol\u00edtica de cookies. Se tiver alguma queixa sobre a forma como tratamos os seus dados, gostar\u00edamos de o ouvir, mas tamb\u00e9m tem o direito de apresentar uma queixa \u00e0 autoridade de supervis\u00e3o (a autoridade de prote\u00e7\u00e3o de dados).  <\/p>\n<h3>10. Dados de contacto<\/h3>\n<p>Para perguntas e\/ou coment\u00e1rios sobre a nossa pol\u00edtica de cookies e esta declara\u00e7\u00e3o, contacte-nos utilizando os dados de contacto abaixo:<\/p>\n<ul>\n<li><strong>Titular<\/strong>: Innova Telecom S.L.<\/li>\n<li><strong>CIF<\/strong>: B91266833<\/li>\n<li><strong>Domic\u00edlio fiscal<\/strong>: Avenida de Huelva 12, Espartinas, Sevilla, Espa\u00f1a<\/li>\n<li><strong>Sede principal<\/strong>: Av. Diego Mart\u00ednez Barrio 10, planta 2, 41013 Sevilha, Espanha <\/li>\n<li><strong>Telefono no contato<\/strong>: (+34) 955087700<\/li>\n<li><strong>Correo<\/strong>: info@itsoft.es<\/li>\n<\/ul>\n<h3>Links para terceiros<\/h3>\n<p>Este site pode conter links para outros sites que podem ser do seu interesse. Depois que voc\u00ea clicar nesses links e sair de nossa p\u00e1gina, n\u00e3o teremos mais controle sobre o site para o qual voc\u00ea ser\u00e1 redirecionado e, portanto, n\u00e3o seremos respons\u00e1veis pelos termos de privacidade ou pela prote\u00e7\u00e3o de seus dados nesses outros sites. Estes sites est\u00e3o sujeitos a pol\u00edticas de privacidade pr\u00f3prias, pelo que se recomenda que os consulte para confirmar que concorda com as mesmas.  <\/p>\n<p>[\/et_pb_text][\/et_pb_column][\/et_pb_row][\/et_pb_section]<\/p>\n","protected":false},"excerpt":{"rendered":"<p>Pol\u00edtica de Cookies 1. Introdu\u00e7\u00e3o O nosso s\u00edtio Web, https:\/\/www.itsoft.es (adiante: &#8220;a Web&#8221;) utiliza cookies e outras tecnologias relacionadas (por comodidade, todas as tecnologias s\u00e3o designadas por &#8220;cookies&#8221;). Os cookies s\u00e3o tamb\u00e9m colocados por terceiros que contrat\u00e1mos. No documento seguinte, informamos sobre a utiliza\u00e7\u00e3o de cookies no nosso s\u00edtio Web. 2. O que s\u00e3o os [&hellip;]<\/p>\n","protected":false},"author":1,"featured_media":0,"parent":0,"menu_order":0,"comment_status":"closed","ping_status":"closed","template":"","meta":{"_et_pb_use_builder":"on","_et_pb_old_content":"","_et_gb_content_width":"","inline_featured_image":false,"footnotes":""},"class_list":["post-106948","page","type-page","status-publish","hentry"],"yoast_head":"<!-- This site is optimized with the Yoast SEO plugin v27.4 - https:\/\/yoast.com\/product\/yoast-seo-wordpress\/ -->\n<title>Everpaths - Compreendendo os Cookies<\/title>\n<meta name=\"description\" content=\"Pol\u00edtica de Cookies da Everpaths: Saiba como gerenciamos os cookies para proteger sua privacidade e melhorar sua experi\u00eancia de navega\u00e7\u00e3o.\" \/>\n<meta name=\"robots\" content=\"index, follow, max-snippet:-1, max-image-preview:large, max-video-preview:-1\" \/>\n<link rel=\"canonical\" href=\"https:\/\/everpaths.com\/pt-pt\/politica-de-cookies\/\" \/>\n<meta property=\"og:locale\" content=\"pt_PT\" \/>\n<meta property=\"og:type\" content=\"article\" \/>\n<meta property=\"og:title\" content=\"Everpaths - Compreendendo os Cookies\" \/>\n<meta property=\"og:description\" content=\"Pol\u00edtica de Cookies da Everpaths: Saiba como gerenciamos os cookies para proteger sua privacidade e melhorar sua experi\u00eancia de navega\u00e7\u00e3o.\" \/>\n<meta property=\"og:url\" content=\"https:\/\/everpaths.com\/pt-pt\/politica-de-cookies\/\" \/>\n<meta property=\"og:site_name\" content=\"Everpaths\" \/>\n<meta property=\"article:modified_time\" content=\"2025-02-19T09:54:38+00:00\" \/>\n<meta name=\"twitter:card\" content=\"summary_large_image\" \/>\n<meta name=\"twitter:label1\" content=\"Tempo estimado de leitura\" \/>\n\t<meta name=\"twitter:data1\" content=\"9 minutos\" \/>\n<script type=\"application\/ld+json\" class=\"yoast-schema-graph\">{\"@context\":\"https:\\\/\\\/schema.org\",\"@graph\":[{\"@type\":\"WebPage\",\"@id\":\"https:\\\/\\\/everpaths.com\\\/pt-pt\\\/politica-de-cookies\\\/\",\"url\":\"https:\\\/\\\/everpaths.com\\\/pt-pt\\\/politica-de-cookies\\\/\",\"name\":\"Everpaths - Compreendendo os Cookies\",\"isPartOf\":{\"@id\":\"https:\\\/\\\/everpaths.com\\\/pt-pt\\\/#website\"},\"datePublished\":\"2024-05-13T09:08:36+00:00\",\"dateModified\":\"2025-02-19T09:54:38+00:00\",\"description\":\"Pol\u00edtica de Cookies da Everpaths: Saiba como gerenciamos os cookies para proteger sua privacidade e melhorar sua experi\u00eancia de navega\u00e7\u00e3o.\",\"breadcrumb\":{\"@id\":\"https:\\\/\\\/everpaths.com\\\/pt-pt\\\/politica-de-cookies\\\/#breadcrumb\"},\"inLanguage\":\"pt-PT\",\"potentialAction\":[{\"@type\":\"ReadAction\",\"target\":[\"https:\\\/\\\/everpaths.com\\\/pt-pt\\\/politica-de-cookies\\\/\"]}]},{\"@type\":\"BreadcrumbList\",\"@id\":\"https:\\\/\\\/everpaths.com\\\/pt-pt\\\/politica-de-cookies\\\/#breadcrumb\",\"itemListElement\":[{\"@type\":\"ListItem\",\"position\":1,\"name\":\"Portada\",\"item\":\"https:\\\/\\\/everpaths.com\\\/pt-pt\\\/everpaths\\\/\"},{\"@type\":\"ListItem\",\"position\":2,\"name\":\"Pol\u00edtica de Cookies\"}]},{\"@type\":\"WebSite\",\"@id\":\"https:\\\/\\\/everpaths.com\\\/pt-pt\\\/#website\",\"url\":\"https:\\\/\\\/everpaths.com\\\/pt-pt\\\/\",\"name\":\"Everpaths\",\"description\":\"Localizaci\u00f3n y Guiado en Interiores y Exteriores\",\"potentialAction\":[{\"@type\":\"SearchAction\",\"target\":{\"@type\":\"EntryPoint\",\"urlTemplate\":\"https:\\\/\\\/everpaths.com\\\/pt-pt\\\/?s={search_term_string}\"},\"query-input\":{\"@type\":\"PropertyValueSpecification\",\"valueRequired\":true,\"valueName\":\"search_term_string\"}}],\"inLanguage\":\"pt-PT\"}]}<\/script>\n<!-- \/ Yoast SEO plugin. -->","yoast_head_json":{"title":"Everpaths - Compreendendo os Cookies","description":"Pol\u00edtica de Cookies da Everpaths: Saiba como gerenciamos os cookies para proteger sua privacidade e melhorar sua experi\u00eancia de navega\u00e7\u00e3o.","robots":{"index":"index","follow":"follow","max-snippet":"max-snippet:-1","max-image-preview":"max-image-preview:large","max-video-preview":"max-video-preview:-1"},"canonical":"https:\/\/everpaths.com\/pt-pt\/politica-de-cookies\/","og_locale":"pt_PT","og_type":"article","og_title":"Everpaths - Compreendendo os Cookies","og_description":"Pol\u00edtica de Cookies da Everpaths: Saiba como gerenciamos os cookies para proteger sua privacidade e melhorar sua experi\u00eancia de navega\u00e7\u00e3o.","og_url":"https:\/\/everpaths.com\/pt-pt\/politica-de-cookies\/","og_site_name":"Everpaths","article_modified_time":"2025-02-19T09:54:38+00:00","twitter_card":"summary_large_image","twitter_misc":{"Tempo estimado de leitura":"9 minutos"},"schema":{"@context":"https:\/\/schema.org","@graph":[{"@type":"WebPage","@id":"https:\/\/everpaths.com\/pt-pt\/politica-de-cookies\/","url":"https:\/\/everpaths.com\/pt-pt\/politica-de-cookies\/","name":"Everpaths - Compreendendo os Cookies","isPartOf":{"@id":"https:\/\/everpaths.com\/pt-pt\/#website"},"datePublished":"2024-05-13T09:08:36+00:00","dateModified":"2025-02-19T09:54:38+00:00","description":"Pol\u00edtica de Cookies da Everpaths: Saiba como gerenciamos os cookies para proteger sua privacidade e melhorar sua experi\u00eancia de navega\u00e7\u00e3o.","breadcrumb":{"@id":"https:\/\/everpaths.com\/pt-pt\/politica-de-cookies\/#breadcrumb"},"inLanguage":"pt-PT","potentialAction":[{"@type":"ReadAction","target":["https:\/\/everpaths.com\/pt-pt\/politica-de-cookies\/"]}]},{"@type":"BreadcrumbList","@id":"https:\/\/everpaths.com\/pt-pt\/politica-de-cookies\/#breadcrumb","itemListElement":[{"@type":"ListItem","position":1,"name":"Portada","item":"https:\/\/everpaths.com\/pt-pt\/everpaths\/"},{"@type":"ListItem","position":2,"name":"Pol\u00edtica de Cookies"}]},{"@type":"WebSite","@id":"https:\/\/everpaths.com\/pt-pt\/#website","url":"https:\/\/everpaths.com\/pt-pt\/","name":"Everpaths","description":"Localizaci\u00f3n y Guiado en Interiores y Exteriores","potentialAction":[{"@type":"SearchAction","target":{"@type":"EntryPoint","urlTemplate":"https:\/\/everpaths.com\/pt-pt\/?s={search_term_string}"},"query-input":{"@type":"PropertyValueSpecification","valueRequired":true,"valueName":"search_term_string"}}],"inLanguage":"pt-PT"}]}},"_links":{"self":[{"href":"https:\/\/everpaths.com\/pt-pt\/wp-json\/wp\/v2\/pages\/106948","targetHints":{"allow":["GET"]}}],"collection":[{"href":"https:\/\/everpaths.com\/pt-pt\/wp-json\/wp\/v2\/pages"}],"about":[{"href":"https:\/\/everpaths.com\/pt-pt\/wp-json\/wp\/v2\/types\/page"}],"author":[{"embeddable":true,"href":"https:\/\/everpaths.com\/pt-pt\/wp-json\/wp\/v2\/users\/1"}],"replies":[{"embeddable":true,"href":"https:\/\/everpaths.com\/pt-pt\/wp-json\/wp\/v2\/comments?post=106948"}],"version-history":[{"count":9,"href":"https:\/\/everpaths.com\/pt-pt\/wp-json\/wp\/v2\/pages\/106948\/revisions"}],"predecessor-version":[{"id":108647,"href":"https:\/\/everpaths.com\/pt-pt\/wp-json\/wp\/v2\/pages\/106948\/revisions\/108647"}],"wp:attachment":[{"href":"https:\/\/everpaths.com\/pt-pt\/wp-json\/wp\/v2\/media?parent=106948"}],"curies":[{"name":"wp","href":"https:\/\/api.w.org\/{rel}","templated":true}]}}