{"id":106936,"date":"2024-03-20T17:52:00","date_gmt":"2024-03-20T16:52:00","guid":{"rendered":"https:\/\/everpaths.com\/politica-de-privacidade\/"},"modified":"2025-02-19T10:25:33","modified_gmt":"2025-02-19T09:25:33","slug":"politica-de-privacidade","status":"publish","type":"page","link":"https:\/\/everpaths.com\/pt-pt\/politica-de-privacidade\/","title":{"rendered":"Pol\u00edtica de privacidade"},"content":{"rendered":"<p>[et_pb_section fb_built=&#8221;1&#8243; admin_label=&#8221;section&#8221; _builder_version=&#8221;4.16&#8243; global_colors_info=&#8221;{}&#8221;][et_pb_row custom_padding_last_edited=&#8221;on|phone&#8221; admin_label=&#8221;row&#8221; _builder_version=&#8221;4.25.1&#8243; width=&#8221;90%&#8221; width_tablet=&#8221;90%&#8221; width_phone=&#8221;80%&#8221; width_last_edited=&#8221;on|phone&#8221; custom_padding=&#8221;0px||55px||false|false&#8221; custom_padding_tablet=&#8221;0px||40px||false|false&#8221; custom_padding_phone=&#8221;||30px||false|false&#8221; global_colors_info=&#8221;{}&#8221;][et_pb_column type=&#8221;4_4&#8243; _builder_version=&#8221;4.16&#8243; custom_padding=&#8221;|||&#8221; global_colors_info=&#8221;{}&#8221; custom_padding__hover=&#8221;|||&#8221;][et_pb_text admin_label=&#8221;Text&#8221; module_class=&#8221;formato-limpio&#8221; _builder_version=&#8221;4.25.1&#8243; _module_preset=&#8221;_initial&#8221; background_size=&#8221;initial&#8221; background_position=&#8221;top_left&#8221; background_repeat=&#8221;repeat&#8221; locked=&#8221;off&#8221; global_colors_info=&#8221;{%22gcid-5f004868-e4e7-49d0-bd70-7b381caaecc7%22:%91%22text_text_color%22,%22header_3_text_color%22,%22text_text_color%22,%22header_3_text_color%22%93}&#8221;]<\/p>\n<h1>Detalhes da nossa pol\u00edtica de privacidade<\/h1>\n<p>Esta Pol\u00edtica de Privacidade destina-se a informar sobre o tratamento que fazemos dos dados pessoais dos usu\u00e1rios e clientes que visitam nosso site de acordo, bem como as condi\u00e7\u00f5es de uso, em conformidade com a Lei Org\u00e2nica 3\/2018, de 5 de dezembro, sobre a Prote\u00e7\u00e3o de Dados Pessoais e garantia de direitos digitais (&#8220;LOPD&#8221;), bem como o Regulamento (UE) 2016\/679 do Parlamento Europeu e do Conselho, de 27 de abril de 2016, relativo \u00e0 prote\u00e7\u00e3o das pessoas singulares no que diz respeito ao tratamento de dados pessoais e \u00e0 livre circula\u00e7\u00e3o desses dados. (&#8220;RGPD&#8221;) e demais legisla\u00e7\u00e3o aplic\u00e1vel para o efeito.<\/p>\n<h3>Identifica\u00e7\u00e3o do respons\u00e1vel pelo tratamento<\/h3>\n<p><strong>Titular:<\/strong> Innova Telecom S.L. (adiante, a Empresa)<\/p>\n<p><strong>CIF:<\/strong> B91266833<\/p>\n<p><strong>Domic\u00edlio fiscal<\/strong>: Avenida de Huelva 12, Espartinas, Sevilha, Espanha<\/p>\n<p><strong>Sede principal<\/strong>: Av. Diego Mart\u00ednez Barrio 10, planta 2, 41013 Sevilha, Espanha <\/p>\n<p><strong>Telefono de contato<\/strong>: (+34) 955087700<\/p>\n<p><strong>Correo:<\/strong> info@itsoft.es<\/p>\n<h3>Finalidade do tratamento de dados<\/h3>\n<p>Em conformidade com as disposi\u00e7\u00f5es da legisla\u00e7\u00e3o em vigor e dos seus regulamentos de execu\u00e7\u00e3o, informamos que os dados pessoais e as informa\u00e7\u00f5es que fornecer ao preencher qualquer formul\u00e1rio eletr\u00f3nico dispon\u00edvel em https:\/\/itsoft.es (adiante &#8220;Web&#8221;), ser\u00e3o inclu\u00eddos num ficheiro de dados pessoais propriedade da Empresa.<\/p>\n<p>O objetivo do tratamento dos dados \u00e9 processar o seu pedido. As perguntas inclu\u00eddas em cada formul\u00e1rio de contacto dispon\u00edvel s\u00e3o volunt\u00e1rias, exceto as mencionadas como obrigat\u00f3rias. No caso de n\u00e3o responder \u00e0s perguntas obrigat\u00f3rias, a Empresa reserva-se o direito de n\u00e3o processar pedidos incompletos.  <\/p>\n<p>Concretamente, a finalidade do tratamento dos seus dados pela Empresa \u00e9 a seguinte:<\/p>\n<ul>\n<li>Consultas, reclama\u00e7\u00f5es, pedidos e exerc\u00edcio de direitos que assistem aos usu\u00e1rios que visitam o site<\/li>\n<li>Preven\u00e7\u00e3o de ataques inform\u00e1ticos ao s\u00edtio Web, acompanhamento e controlo da utiliza\u00e7\u00e3o para evitar e detetar o uso fraudulento do mesmo, o acesso n\u00e3o autorizado, a altera\u00e7\u00e3o ou a perda de informa\u00e7\u00f5es que possam gerar responsabilidades civis, penais e\/ou administrativas para o s\u00edtio Web.<\/li>\n<li>Informa\u00e7\u00e3o comercial. Se o usu\u00e1rio der o seu consentimento \u00e0 Web, enviaremos comunica\u00e7\u00f5es comerciais sobre os nossos servi\u00e7os e informa\u00e7\u00f5es de interesse de forma n\u00e3o excessiva. <\/li>\n<li>Gest\u00e3o de cookies na Web: A Pol\u00edtica de Cookies resume a sua utiliza\u00e7\u00e3o, finalidade e gest\u00e3o.<\/li>\n<\/ul>\n<h3>Origem, destinat\u00e1rios e exclus\u00e3o do tratamento de dados pessoais<\/h3>\n<p>A origem dos dados pessoais que podem ser tratados pelo S\u00edtio Web presume-se sempre que foram fornecidos pelo Usu\u00e1rio e\/ou Cliente atrav\u00e9s dos diferentes meios disponibilizados (formul\u00e1rio web, e-mail, registo no S\u00edtio Web), que podem incluir dados como nome, apelido, endere\u00e7o, n\u00famero de telefone, endere\u00e7o de e-mail, etc. O Usu\u00e1rio \u00e9 o \u00fanico respons\u00e1vel pela veracidade e atualiza\u00e7\u00e3o dos seus dados. <\/p>\n<p>Os destinat\u00e1rios dos dados pessoais tratados pela Empresa s\u00e3o os profissionais e funcion\u00e1rios que prestam os seus servi\u00e7os \u00e0 Empresa.<\/p>\n<p>A Empresa exclui expressamente o tratamento de dados pessoais de menores, exceto se expressamente autorizado pelos seus pais ou tutores legais.<\/p>\n<h3>Legitimidade<\/h3>\n<p>O tratamento dos dados do Usu\u00e1rio \u00e9 efectuado sobre as seguintes bases legais que o legitimam:<\/p>\n<ul>\n<li>O pedido de informa\u00e7\u00e3o e\/ou a contrata\u00e7\u00e3o dos servi\u00e7os oferecidos pelo S\u00edtio Web, cujos termos e condi\u00e7\u00f5es ser\u00e3o disponibilizados ao Usu\u00e1rio em qualquer caso, com anteced\u00eancia, para a sua aceita\u00e7\u00e3o expressa.<\/li>\n<li>O consentimento livre, espec\u00edfico, informado e inequ\u00edvoco do Usu\u00e1rio, colocando \u00e0 sua disposi\u00e7\u00e3o a presente pol\u00edtica de privacidade, que dever\u00e1 aceitar atrav\u00e9s de uma declara\u00e7\u00e3o ou de uma a\u00e7\u00e3o afirmativa clara, como assinalar uma caixa prevista para o efeito.<\/li>\n<\/ul>\n<h3>Conserva\u00e7\u00e3o de dados pessoais<\/h3>\n<p>A p\u00e1gina Web conservar\u00e1 os seus dados durante o tempo necess\u00e1rio para responder ao pedido efectuado pelos usu\u00e1rios.<\/p>\n<p>No entanto, por lei, se algum dos dados pessoais do usu\u00e1rio estiver relacionado com alguma das seguintes obriga\u00e7\u00f5es do Portal, ser\u00e1 conservado durante o per\u00edodo previsto na respectiva legisla\u00e7\u00e3o para o efeito:<\/p>\n<ul>\n<li>3 anos: Infrac\u00e7\u00f5es ao direito do trabalho. (Art. 4.1 RDL 5\/2000) <\/li>\n<li>4 anos: Infrac\u00e7\u00f5es \u00e0 seguran\u00e7a social. (Art. 4.2 RDL 5\/2000) <\/li>\n<li>4 anos: Fiscal. Liquidar ou exigir o pagamento de d\u00edvidas fiscais. (Art. 66 Ley 58\/2003)  <\/li>\n<li>5 anos: Infrac\u00e7\u00f5es no dom\u00ednio da Preven\u00e7\u00e3o de Riscos Laborais. (Art. 4.3 RDL 5\/2000) <\/li>\n<li>6 anos: Contabilidade e com\u00e9rcio. 30 C\u00f3digo Comercial <\/li>\n<li>10 anos: Fiscal. Verifica\u00e7\u00e3o das bases ou quotas compensadas ou a compensar ou das dedu\u00e7\u00f5es aplicadas ou a aplicar. (Art. 66 bis Ley 58\/2003)  <\/li>\n<li>10 anos: Infrac\u00e7\u00f5es contra a Administra\u00e7\u00e3o Fiscal e a Seguran\u00e7a Social. (131 LO 10\/1995) <\/li>\n<\/ul>\n<p>Os curr\u00edculos entregues de acordo com a se\u00e7\u00e3o 2 ser\u00e3o eliminados 3 anos ap\u00f3s sua entrega. No entanto, caso n\u00e3o pretenda que guardemos os dados do seu CV para futuros processos seletivos em que o perfil pretendido se enquadre nas suas caracter\u00edsticas profissionais, poder\u00e1 manifestar a qualquer momento a sua recusa. Caso n\u00e3o manifeste tal recusa, agradecemos antecipadamente que nos comunique quaisquer altera\u00e7\u00f5es nos seus dados que possam ocorrer.  <\/p>\n<h3>Destinat\u00e1rios<\/h3>\n<p>Os dados n\u00e3o ser\u00e3o comunicados a terceiros fora da Empresa, a menos que seja legalmente obrigado a faz\u00ea-lo ou, em qualquer caso, ap\u00f3s ter sido solicitado o consentimento do Usu\u00e1rio.<\/p>\n<p>Por outro lado, a Empresa pode dar acesso ou transmitir os dados pessoais fornecidos pelo Usu\u00e1rio a terceiros prestadores de servi\u00e7os, com os quais assinou acordos de processamento de dados, e que s\u00f3 acedem a essas informa\u00e7\u00f5es para fornecer um servi\u00e7o para e em nome do Respons\u00e1vel.<\/p>\n<h3>Reten\u00e7\u00e3o de dados<\/h3>\n<p>A Empresa informa o Usu\u00e1rio que, como prestador de servi\u00e7os de alojamento de dados e em virtude das disposi\u00e7\u00f5es da Lei 34\/2002, de 11 de julho, sobre Servi\u00e7os da Sociedade da Informa\u00e7\u00e3o e Com\u00e9rcio Eletr\u00f3nico (LSSI), conserva durante um per\u00edodo m\u00e1ximo de 12 meses as informa\u00e7\u00f5es necess\u00e1rias para identificar a origem dos dados alojados e o momento em que o servi\u00e7o foi iniciado.<\/p>\n<p>A conserva\u00e7\u00e3o destes dados n\u00e3o afecta o sigilo das comunica\u00e7\u00f5es e s\u00f3 pode ser utilizada no \u00e2mbito de uma investiga\u00e7\u00e3o criminal ou para salvaguarda da seguran\u00e7a p\u00fablica, sendo disponibilizada aos ju\u00edzes e\/ou tribunais ou ao Minist\u00e9rio que o requeira.<\/p>\n<p>A comunica\u00e7\u00e3o de dados \u00e0s For\u00e7as e Corpos de Seguran\u00e7a do Estado ser\u00e1 feita de acordo com as disposi\u00e7\u00f5es da regulamenta\u00e7\u00e3o sobre prote\u00e7\u00e3o de dados pessoais, e com o m\u00e1ximo respeito pela mesma.<\/p>\n<h3>Protec\u00e7\u00e3o das informa\u00e7\u00f5es alojadas<\/h3>\n<p>O respons\u00e1vel pelo tratamento adopta as medidas necess\u00e1rias para garantir a seguran\u00e7a, a integridade e a confidencialidade dos dados, em conformidade com as disposi\u00e7\u00f5es do Regulamento (UE) 2016\/679 do Parlamento Europeu e do Conselho, de 27 de abril de 2016, relativo \u00e0 prote\u00e7\u00e3o das pessoas singulares no que diz respeito ao tratamento de dados pessoais e \u00e0 livre circula\u00e7\u00e3o desses dados.<\/p>\n<h3>Exerc\u00edcio dos direitos<\/h3>\n<p>A Empresa informa o Usu\u00e1rio que disp\u00f5e dos direitos de acesso, retifica\u00e7\u00e3o, limita\u00e7\u00e3o, supress\u00e3o, oposi\u00e7\u00e3o e portabilidade, que podem ser exercidos mediante o envio de um pedido para o seguinte endere\u00e7o de correio eletr\u00f3nico: info@itsoft.es.<\/p>\n<p>Da mesma forma, o Usu\u00e1rio tem o direito de revogar o consentimento inicialmente dado, e de apresentar reclama\u00e7\u00f5es de direitos perante a Ag\u00eancia Espanhola de Prote\u00e7\u00e3o de Dados (AEPD).<\/p>\n<h3>Comunica\u00e7\u00f5es comerciais por meios eletr\u00f4nicos<\/h3>\n<p>Em aplica\u00e7\u00e3o da LSSI (Lei de Servi\u00e7os da Sociedade da Informa\u00e7\u00e3o), a Empresa n\u00e3o enviar\u00e1 comunica\u00e7\u00f5es publicit\u00e1rias ou promocionais por correio eletr\u00f3nico ou qualquer outro meio eletr\u00f3nico de comunica\u00e7\u00e3o equivalente que n\u00e3o tenham sido previamente solicitadas ou expressamente autorizadas pelos destinat\u00e1rios das mesmas.<\/p>\n<p>No caso de usu\u00e1rios com os quais exista uma rela\u00e7\u00e3o contratual, legal ou de presta\u00e7\u00e3o de servi\u00e7os pr\u00e9via, o Respons\u00e1vel pelo Tratamento est\u00e1 autorizado a enviar comunica\u00e7\u00f5es comerciais relativas a produtos ou servi\u00e7os do Respons\u00e1vel pelo Tratamento que sejam semelhantes aos inicialmente contratados com o cliente.<\/p>\n<p>No caso de o Usu\u00e1rio desejar cancelar a rece\u00e7\u00e3o das comunica\u00e7\u00f5es acima mencionadas, poder\u00e1 faz\u00ea-lo enviando o seu desejo por correio eletr\u00f3nico para o seguinte endere\u00e7o: <a href=\"mailto:info@itsoft.es\">info@itsoft.es.<\/a><\/p>\n<h3>Informa\u00e7\u00e3o sobre Clarity<\/h3>\n<p>Associamo-nos \u00e0 Microsoft Clarity e \u00e0 Microsoft Advertising para capturar como utiliza e interage com o nosso site atrav\u00e9s de m\u00e9tricas de comportamento, mapas de calor e repeti\u00e7\u00e3o de sess\u00f5es, com o objetivo de melhorar e comercializar os nossos produtos\/servi\u00e7os. Os dados de uso do site s\u00e3o recolhidos atrav\u00e9s de cookies pr\u00f3prios e de terceiros, bem como outras tecnologias de rastreamento, para determinar a popularidade dos produtos\/servi\u00e7os e a atividade online. Al\u00e9m disso, utilizamos estas informa\u00e7\u00f5es para otimiza\u00e7\u00e3o do site, preven\u00e7\u00e3o de fraude\/seguran\u00e7a e publicidade. Para mais informa\u00e7\u00f5es sobre como a Microsoft recolhe e utiliza os seus dados, visite a Declara\u00e7\u00e3o de Privacidade da <a href=\"https:\/\/privacy.microsoft.com\/privacystatement\" data-linktype=\"external\">Microsoft.<\/a>   <\/p>\n<p>&nbsp;<\/p>\n<p>&nbsp;<\/p>\n<p>&nbsp;<\/p>\n<p>&nbsp;<\/p>\n<p>[\/et_pb_text][\/et_pb_column][\/et_pb_row][\/et_pb_section]<\/p>\n","protected":false},"excerpt":{"rendered":"<p>Detalhes da nossa pol\u00edtica de privacidade Esta Pol\u00edtica de Privacidade destina-se a informar sobre o tratamento que fazemos dos dados pessoais dos usu\u00e1rios e clientes que visitam nosso site de acordo, bem como as condi\u00e7\u00f5es de uso, em conformidade com a Lei Org\u00e2nica 3\/2018, de 5 de dezembro, sobre a Prote\u00e7\u00e3o de Dados Pessoais e [&hellip;]<\/p>\n","protected":false},"author":1,"featured_media":0,"parent":0,"menu_order":0,"comment_status":"closed","ping_status":"open","template":"","meta":{"_et_pb_use_builder":"on","_et_pb_old_content":"","_et_gb_content_width":"","inline_featured_image":false,"footnotes":""},"class_list":["post-106936","page","type-page","status-publish","hentry"],"yoast_head":"<!-- This site is optimized with the Yoast SEO plugin v27.4 - https:\/\/yoast.com\/product\/yoast-seo-wordpress\/ -->\n<title>Everpaths - Pol\u00edtica de Privacidade<\/title>\n<meta name=\"description\" content=\"Pol\u00edtica de Privacidade da Everpaths. Esta Pol\u00edtica de Privacidade tem como objetivo informar sobre as normas de privacidade.\" \/>\n<meta name=\"robots\" content=\"index, follow, max-snippet:-1, max-image-preview:large, max-video-preview:-1\" \/>\n<link rel=\"canonical\" href=\"https:\/\/everpaths.com\/pt-pt\/politica-de-privacidade\/\" \/>\n<meta property=\"og:locale\" content=\"pt_PT\" \/>\n<meta property=\"og:type\" content=\"article\" \/>\n<meta property=\"og:title\" content=\"Everpaths - Pol\u00edtica de Privacidade\" \/>\n<meta property=\"og:description\" content=\"Pol\u00edtica de Privacidade da Everpaths. Esta Pol\u00edtica de Privacidade tem como objetivo informar sobre as normas de privacidade.\" \/>\n<meta property=\"og:url\" content=\"https:\/\/everpaths.com\/pt-pt\/politica-de-privacidade\/\" \/>\n<meta property=\"og:site_name\" content=\"Everpaths\" \/>\n<meta property=\"article:modified_time\" content=\"2025-02-19T09:25:33+00:00\" \/>\n<meta name=\"twitter:card\" content=\"summary_large_image\" \/>\n<meta name=\"twitter:label1\" content=\"Tempo estimado de leitura\" \/>\n\t<meta name=\"twitter:data1\" content=\"8 minutos\" \/>\n<script type=\"application\/ld+json\" class=\"yoast-schema-graph\">{\"@context\":\"https:\\\/\\\/schema.org\",\"@graph\":[{\"@type\":\"WebPage\",\"@id\":\"https:\\\/\\\/everpaths.com\\\/pt-pt\\\/politica-de-privacidade\\\/\",\"url\":\"https:\\\/\\\/everpaths.com\\\/pt-pt\\\/politica-de-privacidade\\\/\",\"name\":\"Everpaths - Pol\u00edtica de Privacidade\",\"isPartOf\":{\"@id\":\"https:\\\/\\\/everpaths.com\\\/pt-pt\\\/#website\"},\"datePublished\":\"2024-03-20T16:52:00+00:00\",\"dateModified\":\"2025-02-19T09:25:33+00:00\",\"description\":\"Pol\u00edtica de Privacidade da Everpaths. Esta Pol\u00edtica de Privacidade tem como objetivo informar sobre as normas de privacidade.\",\"breadcrumb\":{\"@id\":\"https:\\\/\\\/everpaths.com\\\/pt-pt\\\/politica-de-privacidade\\\/#breadcrumb\"},\"inLanguage\":\"pt-PT\",\"potentialAction\":[{\"@type\":\"ReadAction\",\"target\":[\"https:\\\/\\\/everpaths.com\\\/pt-pt\\\/politica-de-privacidade\\\/\"]}]},{\"@type\":\"BreadcrumbList\",\"@id\":\"https:\\\/\\\/everpaths.com\\\/pt-pt\\\/politica-de-privacidade\\\/#breadcrumb\",\"itemListElement\":[{\"@type\":\"ListItem\",\"position\":1,\"name\":\"Portada\",\"item\":\"https:\\\/\\\/everpaths.com\\\/pt-pt\\\/everpaths\\\/\"},{\"@type\":\"ListItem\",\"position\":2,\"name\":\"Pol\u00edtica de privacidade\"}]},{\"@type\":\"WebSite\",\"@id\":\"https:\\\/\\\/everpaths.com\\\/pt-pt\\\/#website\",\"url\":\"https:\\\/\\\/everpaths.com\\\/pt-pt\\\/\",\"name\":\"Everpaths\",\"description\":\"Localizaci\u00f3n y Guiado en Interiores y Exteriores\",\"potentialAction\":[{\"@type\":\"SearchAction\",\"target\":{\"@type\":\"EntryPoint\",\"urlTemplate\":\"https:\\\/\\\/everpaths.com\\\/pt-pt\\\/?s={search_term_string}\"},\"query-input\":{\"@type\":\"PropertyValueSpecification\",\"valueRequired\":true,\"valueName\":\"search_term_string\"}}],\"inLanguage\":\"pt-PT\"}]}<\/script>\n<!-- \/ Yoast SEO plugin. -->","yoast_head_json":{"title":"Everpaths - Pol\u00edtica de Privacidade","description":"Pol\u00edtica de Privacidade da Everpaths. Esta Pol\u00edtica de Privacidade tem como objetivo informar sobre as normas de privacidade.","robots":{"index":"index","follow":"follow","max-snippet":"max-snippet:-1","max-image-preview":"max-image-preview:large","max-video-preview":"max-video-preview:-1"},"canonical":"https:\/\/everpaths.com\/pt-pt\/politica-de-privacidade\/","og_locale":"pt_PT","og_type":"article","og_title":"Everpaths - Pol\u00edtica de Privacidade","og_description":"Pol\u00edtica de Privacidade da Everpaths. Esta Pol\u00edtica de Privacidade tem como objetivo informar sobre as normas de privacidade.","og_url":"https:\/\/everpaths.com\/pt-pt\/politica-de-privacidade\/","og_site_name":"Everpaths","article_modified_time":"2025-02-19T09:25:33+00:00","twitter_card":"summary_large_image","twitter_misc":{"Tempo estimado de leitura":"8 minutos"},"schema":{"@context":"https:\/\/schema.org","@graph":[{"@type":"WebPage","@id":"https:\/\/everpaths.com\/pt-pt\/politica-de-privacidade\/","url":"https:\/\/everpaths.com\/pt-pt\/politica-de-privacidade\/","name":"Everpaths - Pol\u00edtica de Privacidade","isPartOf":{"@id":"https:\/\/everpaths.com\/pt-pt\/#website"},"datePublished":"2024-03-20T16:52:00+00:00","dateModified":"2025-02-19T09:25:33+00:00","description":"Pol\u00edtica de Privacidade da Everpaths. Esta Pol\u00edtica de Privacidade tem como objetivo informar sobre as normas de privacidade.","breadcrumb":{"@id":"https:\/\/everpaths.com\/pt-pt\/politica-de-privacidade\/#breadcrumb"},"inLanguage":"pt-PT","potentialAction":[{"@type":"ReadAction","target":["https:\/\/everpaths.com\/pt-pt\/politica-de-privacidade\/"]}]},{"@type":"BreadcrumbList","@id":"https:\/\/everpaths.com\/pt-pt\/politica-de-privacidade\/#breadcrumb","itemListElement":[{"@type":"ListItem","position":1,"name":"Portada","item":"https:\/\/everpaths.com\/pt-pt\/everpaths\/"},{"@type":"ListItem","position":2,"name":"Pol\u00edtica de privacidade"}]},{"@type":"WebSite","@id":"https:\/\/everpaths.com\/pt-pt\/#website","url":"https:\/\/everpaths.com\/pt-pt\/","name":"Everpaths","description":"Localizaci\u00f3n y Guiado en Interiores y Exteriores","potentialAction":[{"@type":"SearchAction","target":{"@type":"EntryPoint","urlTemplate":"https:\/\/everpaths.com\/pt-pt\/?s={search_term_string}"},"query-input":{"@type":"PropertyValueSpecification","valueRequired":true,"valueName":"search_term_string"}}],"inLanguage":"pt-PT"}]}},"_links":{"self":[{"href":"https:\/\/everpaths.com\/pt-pt\/wp-json\/wp\/v2\/pages\/106936","targetHints":{"allow":["GET"]}}],"collection":[{"href":"https:\/\/everpaths.com\/pt-pt\/wp-json\/wp\/v2\/pages"}],"about":[{"href":"https:\/\/everpaths.com\/pt-pt\/wp-json\/wp\/v2\/types\/page"}],"author":[{"embeddable":true,"href":"https:\/\/everpaths.com\/pt-pt\/wp-json\/wp\/v2\/users\/1"}],"replies":[{"embeddable":true,"href":"https:\/\/everpaths.com\/pt-pt\/wp-json\/wp\/v2\/comments?post=106936"}],"version-history":[{"count":7,"href":"https:\/\/everpaths.com\/pt-pt\/wp-json\/wp\/v2\/pages\/106936\/revisions"}],"predecessor-version":[{"id":108630,"href":"https:\/\/everpaths.com\/pt-pt\/wp-json\/wp\/v2\/pages\/106936\/revisions\/108630"}],"wp:attachment":[{"href":"https:\/\/everpaths.com\/pt-pt\/wp-json\/wp\/v2\/media?parent=106936"}],"curies":[{"name":"wp","href":"https:\/\/api.w.org\/{rel}","templated":true}]}}